{"id":9,"date":"2024-05-28T16:46:52","date_gmt":"2024-05-28T13:46:52","guid":{"rendered":"https:\/\/pinupcasinoapk.com\/?page_id=9"},"modified":"2024-05-30T01:03:36","modified_gmt":"2024-05-29T22:03:36","slug":"what-is-pin-up-casino","status":"publish","type":"page","link":"https:\/\/pinupcasinoapk.com\/de\/","title":{"rendered":"Was ist das Pin Up Casino?"},"content":{"rendered":"<p><span style=\"font-weight: 400;\">Pin Up Casino ist eine moderne und stilvolle Online-Gaming-Plattform, die ein breites Spektrum an Unterhaltung f\u00fcr Spieler aller Niveaus bietet. Seit seiner Gr\u00fcndung hat Pin Up dank seines hohen Serviceniveaus, der Vielfalt an Spielen und gro\u00dfz\u00fcgigen Boni das Vertrauen und die Popularit\u00e4t unter Gl\u00fccksspielbegeisterten gewonnen. Hier finden Sie aufregende Slots, klassische Tischspiele, Live-Casinos und viele andere spannende Angebote.<\/span><\/p>\n<h2><b>Vorteile von Pin Up<\/b><\/h2>\n<ol>\n<li style=\"font-weight: 400;\" aria-level=\"1\"><b>Gro\u00dfe Auswahl an Spielen<\/b><span style=\"font-weight: 400;\">: Pin Up bietet \u00fcber 2000 Spiele von f\u00fchrenden globalen Anbietern wie NetEnt, Microgaming, Playtech und anderen. Sie k\u00f6nnen Slots, Roulette, Poker, Blackjack und viele andere Spiele genie\u00dfen.<\/span><\/li>\n<li style=\"font-weight: 400;\" aria-level=\"1\"><b>Gro\u00dfz\u00fcgige Boni und Promotionen<\/b><span style=\"font-weight: 400;\">: Neue Spieler k\u00f6nnen Willkommensboni, Freispiele und verschiedene Promotionen erwarten. Stammspieler erhalten ebenfalls viele Privilegien, einschlie\u00dflich Cashback, Turnierboni und exklusiver Angebote.<\/span><\/li>\n<li style=\"font-weight: 400;\" aria-level=\"1\"><b>Bequemlichkeit und Sicherheit<\/b><span style=\"font-weight: 400;\">: Die Plattform bietet sichere Zahlungsmethoden, garantiert den Schutz pers\u00f6nlicher Daten und nutzt fortschrittliche Technologien, um Fairness im Spiel zu gew\u00e4hrleisten.<\/span><\/li>\n<li style=\"font-weight: 400;\" aria-level=\"1\"><b>Mobile Version<\/b><span style=\"font-weight: 400;\">: Pin Up Casino ist nicht nur auf Computern, sondern auch auf mobilen Ger\u00e4ten verf\u00fcgbar. Sie k\u00f6nnen Ihre Lieblingsspiele jederzeit und \u00fcberall spielen.<\/span><\/li>\n<li style=\"font-weight: 400;\" aria-level=\"1\"><b>Rund-um-die-Uhr-Support<\/b><span style=\"font-weight: 400;\">: Ein freundliches und professionelles Support-Team steht Ihnen jederzeit bei allen Fragen zum Casino zur Verf\u00fcgung.<\/span><\/li>\n<\/ol>\n<h2><b>Nachteile von Pin Up Casino<\/b><\/h2>\n<ol>\n<li style=\"font-weight: 400;\" aria-level=\"1\"><b>L\u00e4ndereinschr\u00e4nkungen<\/b><span style=\"font-weight: 400;\">: Einige L\u00e4nder haben Einschr\u00e4nkungen f\u00fcr den Zugang zu Pin Up Casino, was die Anzahl der Spieler begrenzen kann.<\/span><\/li>\n<li style=\"font-weight: 400;\" aria-level=\"1\"><b>Umsatzanforderungen<\/b><span style=\"font-weight: 400;\">: Wie die meisten Casinos haben auch die Boni bei Pin Up Umsatzanforderungen, die f\u00fcr Spieler nicht immer bequem sein k\u00f6nnen.<\/span><\/li>\n<li style=\"font-weight: 400;\" aria-level=\"1\"><b>Begrenzte Spielauswahl in einigen Regionen<\/b><span style=\"font-weight: 400;\">: Aufgrund von Lizenzvereinbarungen k\u00f6nnen einige Spiele in bestimmten Regionen nicht verf\u00fcgbar sein.<\/span><\/li>\n<\/ol>\n<h2><b>Registrierungs- und Einzahlungsmethoden bei Pin Up Casino<\/b><\/h2>\n<p><span style=\"font-weight: 400;\">Die Registrierung bei Pin Up Casino ist ein einfacher und schneller Prozess. Folgen Sie diesen Schritten:<\/span><\/p>\n<ol>\n<li style=\"font-weight: 400;\" aria-level=\"1\"><b>Ausf\u00fcllen des Registrierungsformulars<\/b><span style=\"font-weight: 400;\">: Gehen Sie zur offiziellen Website des Pin Up Casinos und klicken Sie auf die Schaltfl\u00e4che &#8222;Registrieren&#8220;. Geben Sie Ihre pers\u00f6nlichen Daten wie Name, E-Mail-Adresse und Telefonnummer ein.<\/span><\/li>\n<li style=\"font-weight: 400;\" aria-level=\"1\"><b>Kontoverifizierung<\/b><span style=\"font-weight: 400;\">: Nach der Registrierung m\u00fcssen Sie Ihr Konto per E-Mail oder SMS verifizieren.<\/span><\/li>\n<li style=\"font-weight: 400;\" aria-level=\"1\"><b>Einzahlung<\/b><span style=\"font-weight: 400;\">: Melden Sie sich in Ihrem Konto an, gehen Sie zum Bereich &#8222;Kasse&#8220; und w\u00e4hlen Sie eine f\u00fcr Sie geeignete Zahlungsmethode. Pin Up Casino unterst\u00fctzt zahlreiche Einzahlungsmethoden, einschlie\u00dflich Bankkarten, E-Wallets und Kryptow\u00e4hrungen.<\/span><\/li>\n<\/ol>\n<h2><b>APK-Datei f\u00fcr Pin Up Casino<\/b><\/h2>\n<p><span style=\"font-weight: 400;\">F\u00fcr den Benutzerkomfort bietet Pin Up Casino eine spezielle Anwendung (APK-Datei) an, die auf ein mobiles Ger\u00e4t heruntergeladen und installiert werden kann. Die Anwendung bietet Zugriff auf alle Funktionen und Spiele des Casinos und sorgt f\u00fcr ein nahtloses Spielerlebnis unterwegs. Um die Anwendung herunterzuladen und zu installieren, befolgen Sie diese Schritte:<\/span><\/p>\n<ol>\n<li style=\"font-weight: 400;\" aria-level=\"1\"><b>Herunterladen der APK-Datei<\/b><span style=\"font-weight: 400;\">: Gehen Sie mit Ihrem mobilen Ger\u00e4t auf die offizielle Website des Pin Up Casinos und suchen Sie den Link zum Herunterladen der APK-Datei.<\/span><\/li>\n<li style=\"font-weight: 400;\" aria-level=\"1\"><b>Installation der Anwendung<\/b><span style=\"font-weight: 400;\">: Nach dem Herunterladen der Datei \u00f6ffnen Sie sie und folgen den Installationsanweisungen. M\u00f6glicherweise m\u00fcssen Sie in den Einstellungen Ihres Ger\u00e4ts die Installation von Apps aus unbekannten Quellen zulassen.<\/span><\/li>\n<li style=\"font-weight: 400;\" aria-level=\"1\"><b>Starten der Anwendung<\/b><span style=\"font-weight: 400;\">: Nach der Installation \u00f6ffnen Sie die Anwendung, melden sich in Ihrem Konto an oder registrieren sich, falls Sie dies noch nicht getan haben, und genie\u00dfen die Spiele jederzeit und \u00fcberall.<\/span><\/li>\n<\/ol>\n<p><span style=\"font-weight: 400;\">Pin Up Casino ist eine ausgezeichnete Wahl f\u00fcr alle, die hochwertige und zuverl\u00e4ssige Online-Gl\u00fccksspielunterhaltung suchen. Mit einer gro\u00dfen Auswahl an Spielen, attraktiven Boni und einer praktischen mobilen Anwendung bietet Pin Up ein unvergessliches Spielerlebnis. Schlie\u00dfen Sie sich Pin Up an und versuchen Sie noch heute Ihr Gl\u00fcck!<\/span><\/p>\n","protected":false},"excerpt":{"rendered":"<p>Pin Up Casino ist eine moderne und stilvolle Online-Gaming-Plattform, die ein breites Spektrum an Unterhaltung f\u00fcr Spieler aller Niveaus bietet. Seit seiner Gr\u00fcndung hat Pin Up dank seines hohen Serviceniveaus, der Vielfalt&#8230;<\/p>\n","protected":false},"author":1,"featured_media":0,"parent":0,"menu_order":0,"comment_status":"closed","ping_status":"closed","template":"","meta":{"footnotes":""},"class_list":["post-9","page","type-page","status-publish","hentry"],"yoast_head":"<!-- This site is optimized with the Yoast SEO plugin v27.2 - https:\/\/yoast.com\/product\/yoast-seo-wordpress\/ -->\n<title>Pin Up Online Casino<\/title>\n<meta name=\"description\" content=\"Spielen und echtes Geld f\u00fcr neue Spieler gewinnen. Registrieren, einzahlen, Gewinne abheben. Spielautomaten, Crash-Spiele, Roulette.\" \/>\n<meta name=\"robots\" content=\"index, follow, max-snippet:-1, max-image-preview:large, max-video-preview:-1\" \/>\n<link rel=\"canonical\" href=\"https:\/\/pinupcasinoapk.com\/de\/\" \/>\n<meta property=\"og:locale\" content=\"de_DE\" \/>\n<meta property=\"og:locale:alternate\" content=\"ru_RU\" \/>\n<meta property=\"og:locale:alternate\" content=\"en_US\" \/>\n<meta property=\"og:locale:alternate\" content=\"pt_PT\" \/>\n<meta property=\"og:locale:alternate\" content=\"es_ES\" \/>\n<meta property=\"og:locale:alternate\" content=\"fr_FR\" \/>\n<meta property=\"og:locale:alternate\" content=\"it_IT\" \/>\n<meta property=\"og:locale:alternate\" content=\"sr_RS\" \/>\n<meta property=\"og:locale:alternate\" content=\"bg_BG\" \/>\n<meta property=\"og:locale:alternate\" content=\"tr_TR\" \/>\n<meta property=\"og:type\" content=\"article\" \/>\n<meta property=\"og:title\" content=\"Pin Up Online Casino\" \/>\n<meta property=\"og:description\" content=\"Yeni oyuncular i\u00e7in ger\u00e7ek para kazan\u0131n ve oynay\u0131n. Kay\u0131t olun, para yat\u0131r\u0131n, kazan\u00e7lar\u0131n\u0131z\u0131 \u00e7ekin. Slotlar, \u00e7\u00f6k\u00fc\u015f oyunlar\u0131, rulet.\" \/>\n<meta property=\"og:url\" content=\"https:\/\/pinupcasinoapk.com\/de\/\" \/>\n<meta property=\"og:site_name\" content=\"PinUp Casino\" \/>\n<meta property=\"article:modified_time\" content=\"2024-05-29T22:03:36+00:00\" \/>\n<meta name=\"twitter:card\" content=\"summary_large_image\" \/>\n<meta name=\"twitter:label1\" content=\"Gesch\u00e4tzte Lesezeit\" \/>\n\t<meta name=\"twitter:data1\" content=\"22\u00a0Minuten\" \/>\n<script type=\"application\/ld+json\" class=\"yoast-schema-graph\">{\"@context\":\"https:\/\/schema.org\",\"@graph\":[{\"@type\":\"WebPage\",\"@id\":\"https:\/\/pinupcasinoapk.com\/\",\"url\":\"https:\/\/pinupcasinoapk.com\/\",\"name\":\"Pin Up Online Casino\",\"isPartOf\":{\"@id\":\"https:\/\/pinupcasinoapk.com\/#website\"},\"datePublished\":\"2024-05-28T13:46:52+00:00\",\"dateModified\":\"2024-05-29T22:03:36+00:00\",\"description\":\"Yeni oyuncular i\u00e7in ger\u00e7ek para kazan\u0131n ve oynay\u0131n. Kay\u0131t olun, para yat\u0131r\u0131n, kazan\u00e7lar\u0131n\u0131z\u0131 \u00e7ekin. Slotlar, \u00e7\u00f6k\u00fc\u015f oyunlar\u0131, rulet.\",\"breadcrumb\":{\"@id\":\"https:\/\/pinupcasinoapk.com\/#breadcrumb\"},\"inLanguage\":\"de-DE\",\"potentialAction\":[{\"@type\":\"ReadAction\",\"target\":[\"https:\/\/pinupcasinoapk.com\/\"]}]},{\"@type\":\"BreadcrumbList\",\"@id\":\"https:\/\/pinupcasinoapk.com\/#breadcrumb\",\"itemListElement\":[{\"@type\":\"ListItem\",\"position\":1,\"name\":\"\u0413\u043b\u0430\u0432\u043d\u0430\u044f \u0441\u0442\u0440\u0430\u043d\u0438\u0446\u0430\",\"item\":\"https:\/\/pinupcasinoapk.com\/\"},{\"@type\":\"ListItem\",\"position\":2,\"name\":\"Pin Up Casino Nedir?\"}]},{\"@type\":\"WebSite\",\"@id\":\"https:\/\/pinupcasinoapk.com\/#website\",\"url\":\"https:\/\/pinupcasinoapk.com\/\",\"name\":\"PinUp Casino\",\"description\":\"\",\"potentialAction\":[{\"@type\":\"SearchAction\",\"target\":{\"@type\":\"EntryPoint\",\"urlTemplate\":\"https:\/\/pinupcasinoapk.com\/?s={search_term_string}\"},\"query-input\":{\"@type\":\"PropertyValueSpecification\",\"valueRequired\":true,\"valueName\":\"search_term_string\"}}],\"inLanguage\":\"de-DE\"}]}<\/script>\n<!-- \/ Yoast SEO plugin. -->","yoast_head_json":{"title":"Pin Up Online Casino","description":"Spielen und echtes Geld f\u00fcr neue Spieler gewinnen. Registrieren, einzahlen, Gewinne abheben. Spielautomaten, Crash-Spiele, Roulette.","robots":{"index":"index","follow":"follow","max-snippet":"max-snippet:-1","max-image-preview":"max-image-preview:large","max-video-preview":"max-video-preview:-1"},"canonical":"https:\/\/pinupcasinoapk.com\/de\/","og_locale":"de_DE","og_type":"article","og_title":"Pin Up Online Casino","og_description":"Yeni oyuncular i\u00e7in ger\u00e7ek para kazan\u0131n ve oynay\u0131n. Kay\u0131t olun, para yat\u0131r\u0131n, kazan\u00e7lar\u0131n\u0131z\u0131 \u00e7ekin. Slotlar, \u00e7\u00f6k\u00fc\u015f oyunlar\u0131, rulet.","og_url":"https:\/\/pinupcasinoapk.com\/de\/","og_site_name":"PinUp Casino","article_modified_time":"2024-05-29T22:03:36+00:00","twitter_card":"summary_large_image","twitter_misc":{"Gesch\u00e4tzte Lesezeit":"22\u00a0Minuten"},"schema":{"@context":"https:\/\/schema.org","@graph":[{"@type":"WebPage","@id":"https:\/\/pinupcasinoapk.com\/","url":"https:\/\/pinupcasinoapk.com\/","name":"Pin Up Online Casino","isPartOf":{"@id":"https:\/\/pinupcasinoapk.com\/#website"},"datePublished":"2024-05-28T13:46:52+00:00","dateModified":"2024-05-29T22:03:36+00:00","description":"Yeni oyuncular i\u00e7in ger\u00e7ek para kazan\u0131n ve oynay\u0131n. Kay\u0131t olun, para yat\u0131r\u0131n, kazan\u00e7lar\u0131n\u0131z\u0131 \u00e7ekin. Slotlar, \u00e7\u00f6k\u00fc\u015f oyunlar\u0131, rulet.","breadcrumb":{"@id":"https:\/\/pinupcasinoapk.com\/#breadcrumb"},"inLanguage":"de-DE","potentialAction":[{"@type":"ReadAction","target":["https:\/\/pinupcasinoapk.com\/"]}]},{"@type":"BreadcrumbList","@id":"https:\/\/pinupcasinoapk.com\/#breadcrumb","itemListElement":[{"@type":"ListItem","position":1,"name":"\u0413\u043b\u0430\u0432\u043d\u0430\u044f \u0441\u0442\u0440\u0430\u043d\u0438\u0446\u0430","item":"https:\/\/pinupcasinoapk.com\/"},{"@type":"ListItem","position":2,"name":"Pin Up Casino Nedir?"}]},{"@type":"WebSite","@id":"https:\/\/pinupcasinoapk.com\/#website","url":"https:\/\/pinupcasinoapk.com\/","name":"PinUp Casino","description":"","potentialAction":[{"@type":"SearchAction","target":{"@type":"EntryPoint","urlTemplate":"https:\/\/pinupcasinoapk.com\/?s={search_term_string}"},"query-input":{"@type":"PropertyValueSpecification","valueRequired":true,"valueName":"search_term_string"}}],"inLanguage":"de-DE"}]}},"_links":{"self":[{"href":"https:\/\/pinupcasinoapk.com\/de\/wp-json\/wp\/v2\/pages\/9","targetHints":{"allow":["GET"]}}],"collection":[{"href":"https:\/\/pinupcasinoapk.com\/de\/wp-json\/wp\/v2\/pages"}],"about":[{"href":"https:\/\/pinupcasinoapk.com\/de\/wp-json\/wp\/v2\/types\/page"}],"author":[{"embeddable":true,"href":"https:\/\/pinupcasinoapk.com\/de\/wp-json\/wp\/v2\/users\/1"}],"replies":[{"embeddable":true,"href":"https:\/\/pinupcasinoapk.com\/de\/wp-json\/wp\/v2\/comments?post=9"}],"version-history":[{"count":20,"href":"https:\/\/pinupcasinoapk.com\/de\/wp-json\/wp\/v2\/pages\/9\/revisions"}],"predecessor-version":[{"id":76,"href":"https:\/\/pinupcasinoapk.com\/de\/wp-json\/wp\/v2\/pages\/9\/revisions\/76"}],"wp:attachment":[{"href":"https:\/\/pinupcasinoapk.com\/de\/wp-json\/wp\/v2\/media?parent=9"}],"curies":[{"name":"wp","href":"https:\/\/api.w.org\/{rel}","templated":true}]}}