{"id":13,"date":"2024-05-28T16:52:48","date_gmt":"2024-05-28T13:52:48","guid":{"rendered":"https:\/\/pinupcasinoapk.com\/?page_id=13"},"modified":"2024-05-30T00:34:02","modified_gmt":"2024-05-29T21:34:02","slug":"how-to-download-the-pin-up-app-for-iphone-android-and-pc","status":"publish","type":"page","link":"https:\/\/pinupcasinoapk.com\/it\/how-to-download-the-pin-up-app-for-iphone-android-and-pc\/","title":{"rendered":"Come scaricare l&#8217;app Pin Up per iPhone, Android e PC"},"content":{"rendered":"<p><span style=\"font-weight: 400;\">Pin Up \u00e8 uno dei casin\u00f2 online pi\u00f9 popolari che offre ai suoi utenti un&#8217;applicazione mobile per giocare comodamente in movimento. In questo articolo, ti spiegheremo come scaricare e installare l&#8217;app Pin Up su dispositivi iOS, Android e PC.<\/span><\/p>\n<h2><b>Scaricare l&#8217;App Pin Up per iPhone<\/b><\/h2>\n<p><span style=\"font-weight: 400;\">Al momento, Pin Up non offre un download diretto dell&#8217;app tramite l&#8217;App Store, ma puoi utilizzare la versione web del casin\u00f2 sul tuo iPhone. Per farlo, segui questi passaggi:<\/span><\/p>\n<ol>\n<li style=\"font-weight: 400;\" aria-level=\"1\"><b>Apri il browser Safari<\/b><span style=\"font-weight: 400;\">: Vai al browser Safari sul tuo iPhone.<\/span><\/li>\n<li style=\"font-weight: 400;\" aria-level=\"1\"><b>Vai al sito ufficiale di Pin Up<\/b><span style=\"font-weight: 400;\">: Inserisci l&#8217;indirizzo del sito ufficiale del casin\u00f2 Pin Up e accedivi.<\/span><\/li>\n<li style=\"font-weight: 400;\" aria-level=\"1\"><b>Aggiungi il sito alla schermata principale<\/b><span style=\"font-weight: 400;\">: Tocca l&#8217;icona &#8220;Condividi&#8221; (un quadrato con una freccia verso l&#8217;alto) in basso allo schermo. Seleziona l&#8217;opzione &#8220;Aggiungi a Home&#8221;.<\/span><\/li>\n<li style=\"font-weight: 400;\" aria-level=\"1\"><b>Conferma l&#8217;azione<\/b><span style=\"font-weight: 400;\">: Assegna un nome al collegamento, ad esempio &#8220;Pin Up&#8221;, e tocca &#8220;Aggiungi&#8221;. Ora avrai un collegamento per accedere rapidamente al casin\u00f2 sulla schermata principale del tuo iPhone.<\/span><\/li>\n<\/ol>\n<p><span style=\"font-weight: 400;\">In questo modo, avrai sempre a portata di mano un accesso rapido alla versione mobile del casin\u00f2 Pin Up.<\/span><\/p>\n<h2><b>Scaricare l&#8217;App Pin Up per Android<\/b><\/h2>\n<p><span style=\"font-weight: 400;\">Per gli utenti Android, Pin Up offre un file APK che pu\u00f2 essere scaricato e installato sul dispositivo. Ecco come fare:<\/span><\/p>\n<ol>\n<li style=\"font-weight: 400;\" aria-level=\"1\"><b>Visita il sito ufficiale di Pin Up<\/b><span style=\"font-weight: 400;\">: Dal tuo dispositivo, apri il browser e vai al sito ufficiale del casin\u00f2 Pin Up.<\/span><\/li>\n<li style=\"font-weight: 400;\" aria-level=\"1\"><b>Scarica il file APK<\/b><span style=\"font-weight: 400;\">: Trova il link per scaricare il file APK e cliccaci sopra. Questo link si trova di solito nella sezione &#8220;App Mobile&#8221; o sulla pagina principale.<\/span><\/li>\n<li style=\"font-weight: 400;\" aria-level=\"1\"><b>Consenti l&#8217;installazione da origini sconosciute<\/b><span style=\"font-weight: 400;\">: Prima di installare il file APK, devi consentire l&#8217;installazione di app da origini sconosciute. Per farlo, vai nelle &#8220;Impostazioni&#8221; del tuo dispositivo, seleziona &#8220;Sicurezza&#8221; o &#8220;Privacy&#8221; e abilita l&#8217;opzione &#8220;Origini sconosciute&#8221;.<\/span><\/li>\n<li style=\"font-weight: 400;\" aria-level=\"1\"><b>Installa l&#8217;applicazione<\/b><span style=\"font-weight: 400;\">: Trova il file APK scaricato nella cartella &#8220;Download&#8221; sul tuo dispositivo e toccalo. Segui le istruzioni sullo schermo per completare l&#8217;installazione.<\/span><\/li>\n<li style=\"font-weight: 400;\" aria-level=\"1\"><b>Avvia l&#8217;applicazione<\/b><span style=\"font-weight: 400;\">: Dopo aver completato l&#8217;installazione, apri l&#8217;app Pin Up, accedi al tuo account o registrati se non l&#8217;hai gi\u00e0 fatto, e goditi i giochi.<\/span><\/li>\n<\/ol>\n<h2><b>Scaricare l&#8217;App Pin Up per PC<\/b><\/h2>\n<p><span style=\"font-weight: 400;\">Anche se Pin Up non fornisce un&#8217;applicazione dedicata per PC, puoi utilizzare la versione web del casin\u00f2, che \u00e8 completamente adattata per l&#8217;uso su computer. Ecco come fare:<\/span><\/p>\n<ol>\n<li style=\"font-weight: 400;\" aria-level=\"1\"><b>Apri un browser web sul tuo PC<\/b><span style=\"font-weight: 400;\">: Avvia il tuo browser preferito, come Google Chrome, Mozilla Firefox o Microsoft Edge.<\/span><\/li>\n<li style=\"font-weight: 400;\" aria-level=\"1\"><b>Vai al sito ufficiale di Pin Up<\/b><span style=\"font-weight: 400;\">: Inserisci l&#8217;indirizzo del sito ufficiale del casin\u00f2 Pin Up nella barra degli indirizzi del browser e accedivi.<\/span><\/li>\n<li style=\"font-weight: 400;\" aria-level=\"1\"><b>Accedi al tuo account<\/b><span style=\"font-weight: 400;\">: Accedi al tuo account utilizzando il tuo login e password. Se non hai ancora un account, puoi registrarti direttamente sul sito.<\/span><\/li>\n<li style=\"font-weight: 400;\" aria-level=\"1\"><b>Aggiungi il sito ai segnalibri<\/b><span style=\"font-weight: 400;\">: Per semplificare l&#8217;accesso al casin\u00f2 in futuro, aggiungi il sito ai segnalibri del tuo browser. Per farlo, clicca sull&#8217;icona a forma di stella nella barra degli indirizzi e seleziona &#8220;Aggiungi ai segnalibri&#8221;.<\/span><\/li>\n<\/ol>\n<p><span style=\"font-weight: 400;\">Ora avrai un accesso rapido al casin\u00f2 Pin Up sul tuo PC tramite il browser web.<\/span><br \/>\n<span style=\"font-weight: 400;\">Il casin\u00f2 Pin Up offre ai suoi utenti modi convenienti per accedere ai giochi tramite dispositivi mobili e PC. Seguendo le istruzioni sopra, puoi facilmente scaricare e installare l&#8217;app su Android, configurare un collegamento per iPhone o accedere al casin\u00f2 tramite il browser sul tuo computer. Goditi il gioco d&#8217;azzardo con Pin Up in qualsiasi momento e ovunque!<\/span><\/p>\n","protected":false},"excerpt":{"rendered":"<p>Pin Up \u00e8 uno dei casin\u00f2 online pi\u00f9 popolari che offre ai suoi utenti un&#8217;applicazione mobile per giocare comodamente in movimento. In questo articolo, ti spiegheremo come scaricare e installare l&#8217;app Pin&#8230;<\/p>\n","protected":false},"author":1,"featured_media":0,"parent":0,"menu_order":0,"comment_status":"closed","ping_status":"closed","template":"","meta":{"footnotes":""},"class_list":["post-13","page","type-page","status-publish","hentry"],"yoast_head":"<!-- This site is optimized with the Yoast SEO plugin v27.2 - https:\/\/yoast.com\/product\/yoast-seo-wordpress\/ -->\n<title>\u0421\u043a\u0430\u0447\u0430\u0442\u044c \u043f\u0440\u0438\u043b\u043e\u0436\u0435\u043d\u0438\u0435 \u043a\u0430\u0437\u0438\u043d\u043e \u041f\u0438\u043d \u0410\u043f \u0434\u043b\u044f \u0410\u043d\u0434\u0440\u043e\u0438\u0434, \u0430\u0439\u0444\u043e\u043d \u0438 \u043a\u043e\u043c\u043f\u044c\u044e\u0442\u0435\u0440<\/title>\n<meta name=\"description\" content=\"Se hai deciso di scaricare l&#039;app Pin Up Casino per smartphone, che sia un iPhone, Android o computer personale, allora questo articolo \u00e8 per te.\" \/>\n<meta name=\"robots\" content=\"index, follow, max-snippet:-1, max-image-preview:large, max-video-preview:-1\" \/>\n<link rel=\"canonical\" href=\"https:\/\/pinupcasinoapk.com\/it\/how-to-download-the-pin-up-app-for-iphone-android-and-pc\/\" \/>\n<meta property=\"og:locale\" content=\"it_IT\" \/>\n<meta property=\"og:locale:alternate\" content=\"ru_RU\" \/>\n<meta property=\"og:locale:alternate\" content=\"en_US\" \/>\n<meta property=\"og:locale:alternate\" content=\"pt_PT\" \/>\n<meta property=\"og:locale:alternate\" content=\"es_ES\" \/>\n<meta property=\"og:locale:alternate\" content=\"fr_FR\" \/>\n<meta property=\"og:locale:alternate\" content=\"de_DE\" \/>\n<meta property=\"og:locale:alternate\" content=\"sr_RS\" \/>\n<meta property=\"og:locale:alternate\" content=\"bg_BG\" \/>\n<meta property=\"og:locale:alternate\" content=\"tr_TR\" \/>\n<meta property=\"og:type\" content=\"article\" \/>\n<meta property=\"og:title\" content=\"\u0421\u043a\u0430\u0447\u0430\u0442\u044c \u043f\u0440\u0438\u043b\u043e\u0436\u0435\u043d\u0438\u0435 \u043a\u0430\u0437\u0438\u043d\u043e \u041f\u0438\u043d \u0410\u043f \u0434\u043b\u044f \u0410\u043d\u0434\u0440\u043e\u0438\u0434, \u0430\u0439\u0444\u043e\u043d \u0438 \u043a\u043e\u043c\u043f\u044c\u044e\u0442\u0435\u0440\" \/>\n<meta property=\"og:description\" content=\"\u0415\u0441\u043b\u0438 \u0432\u044b \u0440\u0435\u0448\u0438\u043b\u0438 \u0441\u043a\u0430\u0447\u0430\u0442\u044c \u043f\u0440\u0438\u043b\u043e\u0436\u0435\u043d\u0438\u0435 \u043a\u0430\u0437\u0438\u043d\u043e \u041f\u0438\u043d \u0410\u043f \u0434\u043b\u044f \u0441\u043c\u0430\u0440\u0442\u0444\u043e\u043d\u043e\u0432 \u0431\u0443\u0434\u044c \u0442\u043e \u0430\u0439\u0444\u043e\u043d, \u0410\u043d\u0434\u0440\u043e\u0438\u0434 \u0438\u043b\u0438 \u043f\u0435\u0440\u0441\u043e\u043d\u0430\u043b\u044c\u043d\u044b\u0439 \u043a\u043e\u043c\u043f\u044c\u044e\u0442\u0435\u0440, \u0442\u043e \u044d\u0442\u0430 \u0441\u0442\u0430\u0442\u044c\u044f \u0434\u043b\u044f \u0432\u0430\u0441\" \/>\n<meta property=\"og:url\" content=\"https:\/\/pinupcasinoapk.com\/it\/how-to-download-the-pin-up-app-for-iphone-android-and-pc\/\" \/>\n<meta property=\"og:site_name\" content=\"PinUp Casino\" \/>\n<meta property=\"article:modified_time\" content=\"2024-05-29T21:34:02+00:00\" \/>\n<meta name=\"twitter:card\" content=\"summary_large_image\" \/>\n<meta name=\"twitter:label1\" content=\"Tempo di lettura stimato\" \/>\n\t<meta name=\"twitter:data1\" content=\"23 minuti\" \/>\n<script type=\"application\/ld+json\" class=\"yoast-schema-graph\">{\"@context\":\"https:\/\/schema.org\",\"@graph\":[{\"@type\":\"WebPage\",\"@id\":\"https:\/\/pinupcasinoapk.com\/how-to-download-the-pin-up-app-for-iphone-android-and-pc\/\",\"url\":\"https:\/\/pinupcasinoapk.com\/how-to-download-the-pin-up-app-for-iphone-android-and-pc\/\",\"name\":\"\u0421\u043a\u0430\u0447\u0430\u0442\u044c \u043f\u0440\u0438\u043b\u043e\u0436\u0435\u043d\u0438\u0435 \u043a\u0430\u0437\u0438\u043d\u043e \u041f\u0438\u043d \u0410\u043f \u0434\u043b\u044f \u0410\u043d\u0434\u0440\u043e\u0438\u0434, \u0430\u0439\u0444\u043e\u043d \u0438 \u043a\u043e\u043c\u043f\u044c\u044e\u0442\u0435\u0440\",\"isPartOf\":{\"@id\":\"https:\/\/pinupcasinoapk.com\/#website\"},\"datePublished\":\"2024-05-28T13:52:48+00:00\",\"dateModified\":\"2024-05-29T21:34:02+00:00\",\"description\":\"\u0415\u0441\u043b\u0438 \u0432\u044b \u0440\u0435\u0448\u0438\u043b\u0438 \u0441\u043a\u0430\u0447\u0430\u0442\u044c \u043f\u0440\u0438\u043b\u043e\u0436\u0435\u043d\u0438\u0435 \u043a\u0430\u0437\u0438\u043d\u043e \u041f\u0438\u043d \u0410\u043f \u0434\u043b\u044f \u0441\u043c\u0430\u0440\u0442\u0444\u043e\u043d\u043e\u0432 \u0431\u0443\u0434\u044c \u0442\u043e \u0430\u0439\u0444\u043e\u043d, \u0410\u043d\u0434\u0440\u043e\u0438\u0434 \u0438\u043b\u0438 \u043f\u0435\u0440\u0441\u043e\u043d\u0430\u043b\u044c\u043d\u044b\u0439 \u043a\u043e\u043c\u043f\u044c\u044e\u0442\u0435\u0440, \u0442\u043e \u044d\u0442\u0430 \u0441\u0442\u0430\u0442\u044c\u044f \u0434\u043b\u044f \u0432\u0430\u0441\",\"breadcrumb\":{\"@id\":\"https:\/\/pinupcasinoapk.com\/how-to-download-the-pin-up-app-for-iphone-android-and-pc\/#breadcrumb\"},\"inLanguage\":\"it-IT\",\"potentialAction\":[{\"@type\":\"ReadAction\",\"target\":[\"https:\/\/pinupcasinoapk.com\/how-to-download-the-pin-up-app-for-iphone-android-and-pc\/\"]}]},{\"@type\":\"BreadcrumbList\",\"@id\":\"https:\/\/pinupcasinoapk.com\/how-to-download-the-pin-up-app-for-iphone-android-and-pc\/#breadcrumb\",\"itemListElement\":[{\"@type\":\"ListItem\",\"position\":1,\"name\":\"\u0413\u043b\u0430\u0432\u043d\u0430\u044f \u0441\u0442\u0440\u0430\u043d\u0438\u0446\u0430\",\"item\":\"https:\/\/pinupcasinoapk.com\/\"},{\"@type\":\"ListItem\",\"position\":2,\"name\":\"\u041a\u0430\u043a \u0441\u043a\u0430\u0447\u0430\u0442\u044c \u043f\u0440\u0438\u043b\u043e\u0436\u0435\u043d\u0438\u0435 \u041f\u0438\u043d \u0410\u043f \u0434\u043b\u044f iPhone, Android \u0438 \u041f\u041a\"}]},{\"@type\":\"WebSite\",\"@id\":\"https:\/\/pinupcasinoapk.com\/#website\",\"url\":\"https:\/\/pinupcasinoapk.com\/\",\"name\":\"PinUp Casino\",\"description\":\"\",\"potentialAction\":[{\"@type\":\"SearchAction\",\"target\":{\"@type\":\"EntryPoint\",\"urlTemplate\":\"https:\/\/pinupcasinoapk.com\/?s={search_term_string}\"},\"query-input\":{\"@type\":\"PropertyValueSpecification\",\"valueRequired\":true,\"valueName\":\"search_term_string\"}}],\"inLanguage\":\"it-IT\"}]}<\/script>\n<!-- \/ Yoast SEO plugin. -->","yoast_head_json":{"title":"\u0421\u043a\u0430\u0447\u0430\u0442\u044c \u043f\u0440\u0438\u043b\u043e\u0436\u0435\u043d\u0438\u0435 \u043a\u0430\u0437\u0438\u043d\u043e \u041f\u0438\u043d \u0410\u043f \u0434\u043b\u044f \u0410\u043d\u0434\u0440\u043e\u0438\u0434, \u0430\u0439\u0444\u043e\u043d \u0438 \u043a\u043e\u043c\u043f\u044c\u044e\u0442\u0435\u0440","description":"Se hai deciso di scaricare l'app Pin Up Casino per smartphone, che sia un iPhone, Android o computer personale, allora questo articolo \u00e8 per te.","robots":{"index":"index","follow":"follow","max-snippet":"max-snippet:-1","max-image-preview":"max-image-preview:large","max-video-preview":"max-video-preview:-1"},"canonical":"https:\/\/pinupcasinoapk.com\/it\/how-to-download-the-pin-up-app-for-iphone-android-and-pc\/","og_locale":"it_IT","og_type":"article","og_title":"\u0421\u043a\u0430\u0447\u0430\u0442\u044c \u043f\u0440\u0438\u043b\u043e\u0436\u0435\u043d\u0438\u0435 \u043a\u0430\u0437\u0438\u043d\u043e \u041f\u0438\u043d \u0410\u043f \u0434\u043b\u044f \u0410\u043d\u0434\u0440\u043e\u0438\u0434, \u0430\u0439\u0444\u043e\u043d \u0438 \u043a\u043e\u043c\u043f\u044c\u044e\u0442\u0435\u0440","og_description":"\u0415\u0441\u043b\u0438 \u0432\u044b \u0440\u0435\u0448\u0438\u043b\u0438 \u0441\u043a\u0430\u0447\u0430\u0442\u044c \u043f\u0440\u0438\u043b\u043e\u0436\u0435\u043d\u0438\u0435 \u043a\u0430\u0437\u0438\u043d\u043e \u041f\u0438\u043d \u0410\u043f \u0434\u043b\u044f \u0441\u043c\u0430\u0440\u0442\u0444\u043e\u043d\u043e\u0432 \u0431\u0443\u0434\u044c \u0442\u043e \u0430\u0439\u0444\u043e\u043d, \u0410\u043d\u0434\u0440\u043e\u0438\u0434 \u0438\u043b\u0438 \u043f\u0435\u0440\u0441\u043e\u043d\u0430\u043b\u044c\u043d\u044b\u0439 \u043a\u043e\u043c\u043f\u044c\u044e\u0442\u0435\u0440, \u0442\u043e \u044d\u0442\u0430 \u0441\u0442\u0430\u0442\u044c\u044f \u0434\u043b\u044f \u0432\u0430\u0441","og_url":"https:\/\/pinupcasinoapk.com\/it\/how-to-download-the-pin-up-app-for-iphone-android-and-pc\/","og_site_name":"PinUp Casino","article_modified_time":"2024-05-29T21:34:02+00:00","twitter_card":"summary_large_image","twitter_misc":{"Tempo di lettura stimato":"23 minuti"},"schema":{"@context":"https:\/\/schema.org","@graph":[{"@type":"WebPage","@id":"https:\/\/pinupcasinoapk.com\/how-to-download-the-pin-up-app-for-iphone-android-and-pc\/","url":"https:\/\/pinupcasinoapk.com\/how-to-download-the-pin-up-app-for-iphone-android-and-pc\/","name":"\u0421\u043a\u0430\u0447\u0430\u0442\u044c \u043f\u0440\u0438\u043b\u043e\u0436\u0435\u043d\u0438\u0435 \u043a\u0430\u0437\u0438\u043d\u043e \u041f\u0438\u043d \u0410\u043f \u0434\u043b\u044f \u0410\u043d\u0434\u0440\u043e\u0438\u0434, \u0430\u0439\u0444\u043e\u043d \u0438 \u043a\u043e\u043c\u043f\u044c\u044e\u0442\u0435\u0440","isPartOf":{"@id":"https:\/\/pinupcasinoapk.com\/#website"},"datePublished":"2024-05-28T13:52:48+00:00","dateModified":"2024-05-29T21:34:02+00:00","description":"\u0415\u0441\u043b\u0438 \u0432\u044b \u0440\u0435\u0448\u0438\u043b\u0438 \u0441\u043a\u0430\u0447\u0430\u0442\u044c \u043f\u0440\u0438\u043b\u043e\u0436\u0435\u043d\u0438\u0435 \u043a\u0430\u0437\u0438\u043d\u043e \u041f\u0438\u043d \u0410\u043f \u0434\u043b\u044f \u0441\u043c\u0430\u0440\u0442\u0444\u043e\u043d\u043e\u0432 \u0431\u0443\u0434\u044c \u0442\u043e \u0430\u0439\u0444\u043e\u043d, \u0410\u043d\u0434\u0440\u043e\u0438\u0434 \u0438\u043b\u0438 \u043f\u0435\u0440\u0441\u043e\u043d\u0430\u043b\u044c\u043d\u044b\u0439 \u043a\u043e\u043c\u043f\u044c\u044e\u0442\u0435\u0440, \u0442\u043e \u044d\u0442\u0430 \u0441\u0442\u0430\u0442\u044c\u044f \u0434\u043b\u044f \u0432\u0430\u0441","breadcrumb":{"@id":"https:\/\/pinupcasinoapk.com\/how-to-download-the-pin-up-app-for-iphone-android-and-pc\/#breadcrumb"},"inLanguage":"it-IT","potentialAction":[{"@type":"ReadAction","target":["https:\/\/pinupcasinoapk.com\/how-to-download-the-pin-up-app-for-iphone-android-and-pc\/"]}]},{"@type":"BreadcrumbList","@id":"https:\/\/pinupcasinoapk.com\/how-to-download-the-pin-up-app-for-iphone-android-and-pc\/#breadcrumb","itemListElement":[{"@type":"ListItem","position":1,"name":"\u0413\u043b\u0430\u0432\u043d\u0430\u044f \u0441\u0442\u0440\u0430\u043d\u0438\u0446\u0430","item":"https:\/\/pinupcasinoapk.com\/"},{"@type":"ListItem","position":2,"name":"\u041a\u0430\u043a \u0441\u043a\u0430\u0447\u0430\u0442\u044c \u043f\u0440\u0438\u043b\u043e\u0436\u0435\u043d\u0438\u0435 \u041f\u0438\u043d \u0410\u043f \u0434\u043b\u044f iPhone, Android \u0438 \u041f\u041a"}]},{"@type":"WebSite","@id":"https:\/\/pinupcasinoapk.com\/#website","url":"https:\/\/pinupcasinoapk.com\/","name":"PinUp Casino","description":"","potentialAction":[{"@type":"SearchAction","target":{"@type":"EntryPoint","urlTemplate":"https:\/\/pinupcasinoapk.com\/?s={search_term_string}"},"query-input":{"@type":"PropertyValueSpecification","valueRequired":true,"valueName":"search_term_string"}}],"inLanguage":"it-IT"}]}},"_links":{"self":[{"href":"https:\/\/pinupcasinoapk.com\/it\/wp-json\/wp\/v2\/pages\/13","targetHints":{"allow":["GET"]}}],"collection":[{"href":"https:\/\/pinupcasinoapk.com\/it\/wp-json\/wp\/v2\/pages"}],"about":[{"href":"https:\/\/pinupcasinoapk.com\/it\/wp-json\/wp\/v2\/types\/page"}],"author":[{"embeddable":true,"href":"https:\/\/pinupcasinoapk.com\/it\/wp-json\/wp\/v2\/users\/1"}],"replies":[{"embeddable":true,"href":"https:\/\/pinupcasinoapk.com\/it\/wp-json\/wp\/v2\/comments?post=13"}],"version-history":[{"count":19,"href":"https:\/\/pinupcasinoapk.com\/it\/wp-json\/wp\/v2\/pages\/13\/revisions"}],"predecessor-version":[{"id":74,"href":"https:\/\/pinupcasinoapk.com\/it\/wp-json\/wp\/v2\/pages\/13\/revisions\/74"}],"wp:attachment":[{"href":"https:\/\/pinupcasinoapk.com\/it\/wp-json\/wp\/v2\/media?parent=13"}],"curies":[{"name":"wp","href":"https:\/\/api.w.org\/{rel}","templated":true}]}}