{"id":11,"date":"2024-05-28T16:49:20","date_gmt":"2024-05-28T13:49:20","guid":{"rendered":"https:\/\/pinupcasinoapk.com\/?page_id=11"},"modified":"2024-05-30T00:51:36","modified_gmt":"2024-05-29T21:51:36","slug":"what-is-an-apk-file-and-how-to-download-the-apk-file-for-pin-up-casino","status":"publish","type":"page","link":"https:\/\/pinupcasinoapk.com\/tr\/what-is-an-apk-file-and-how-to-download-the-apk-file-for-pin-up-casino\/","title":{"rendered":"APK Dosyas\u0131 Nedir ve Pin Up Casino i\u00e7in APK Dosyas\u0131 Nas\u0131l \u0130ndirilir"},"content":{"rendered":"<h2><b>APK Dosyas\u0131 Nedir?<\/b><\/h2>\n<p><span style=\"font-weight: 400;\">APK (Android Paket Kiti), Android i\u015fletim sistemine sahip cihazlara uygulamalar\u0131n da\u011f\u0131t\u0131m\u0131 ve kurulumu i\u00e7in kullan\u0131lan bir dosya bi\u00e7imidir. Bir APK dosyas\u0131, uygulaman\u0131n kurulumu i\u00e7in gerekli t\u00fcm bile\u015fenleri i\u00e7erir: derlenmi\u015f kod, kaynaklar, varl\u0131klar ve manifest. Kullan\u0131c\u0131lar \u00e7e\u015fitli kaynaklardan APK dosyalar\u0131n\u0131 indirebilir ve uygulamalar\u0131 resmi Google Play Ma\u011fazas\u0131&#8217;nda bulunmasa bile kurabilirler.<\/span><\/p>\n<h2><b>APK Dosyalar\u0131n\u0131 Kullanman\u0131n Avantajlar\u0131<\/b><\/h2>\n<ul>\n<li style=\"font-weight: 400;\" aria-level=\"1\"><b>Google Play&#8217;de Bulunmayan Uygulamalara Eri\u015fim<\/b><span style=\"font-weight: 400;\">: Baz\u0131 uygulamalar b\u00f6lgesel k\u0131s\u0131tlamalar veya Google&#8217;\u0131n politikalar\u0131 nedeniyle resmi ma\u011fazada bulunmayabilir. APK dosyalar\u0131, bu k\u0131s\u0131tlamalar\u0131 atlamak i\u00e7in kullan\u0131labilir.<\/span><\/li>\n<li style=\"font-weight: 400;\" aria-level=\"1\"><b>G\u00fcncellemelere Erken Eri\u015fim<\/b><span style=\"font-weight: 400;\">: S\u0131kl\u0131kla, uygulama g\u00fcncellemeleri \u00f6nce APK dosyalar\u0131 olarak yay\u0131nlan\u0131r. Bu, kullan\u0131c\u0131lar\u0131n di\u011ferlerinden daha \u00f6nce yeni \u00f6zelliklere ve hata d\u00fczeltmelerine eri\u015fmesini sa\u011flar.<\/span><\/li>\n<li style=\"font-weight: 400;\" aria-level=\"1\"><b>Uygulama S\u00fcr\u00fcmlerinin Kontrol\u00fc<\/b><span style=\"font-weight: 400;\">: Kullan\u0131c\u0131lar, ihtiya\u00e7lar\u0131 i\u00e7in daha kararl\u0131 veya i\u015flevsel olabilecek belirli uygulama s\u00fcr\u00fcmlerini kurabilirler.<\/span><\/li>\n<\/ul>\n<h2><b>Pin Up Casino \u0130\u00e7in Bir APK Dosyas\u0131 Nas\u0131l \u0130ndirilir?<\/b><\/h2>\n<p><span style=\"font-weight: 400;\">Android cihaz\u0131n\u0131za Pin Up Casino i\u00e7in APK dosyas\u0131n\u0131 indirip kurmak i\u00e7in bu detayl\u0131 ad\u0131mlar\u0131 izleyin:<\/span><\/p>\n<ol>\n<li>\n<h3><b>Cihaz\u0131n\u0131z\u0131 Haz\u0131rlama<\/b><\/h3>\n<\/li>\n<\/ol>\n<p><span style=\"font-weight: 400;\">APK dosyas\u0131n\u0131 inden \u00f6nce, bilinmeyen kaynaklardan uygulama kurulumuna izin vermeniz gerekmektedir. Bu, Google Play Ma\u011fazas\u0131 d\u0131\u015f\u0131ndan indirilen bir uygulaman\u0131n kurulmas\u0131n\u0131 sa\u011flar.<\/span><\/p>\n<ol>\n<li style=\"font-weight: 400;\" aria-level=\"1\"><b>Cihaz\u0131n\u0131z\u0131n &#8220;Ayarlar&#8221;\u0131n\u0131 a\u00e7\u0131n<\/b><span style=\"font-weight: 400;\">:<\/span>\n<ul>\n<li style=\"font-weight: 400;\" aria-level=\"2\"><span style=\"font-weight: 400;\">Android cihaz\u0131n\u0131z\u0131n ana men\u00fcs\u00fcne gidin ve &#8220;Ayarlar&#8221; simgesini bulun.<\/span><\/li>\n<\/ul>\n<\/li>\n<li style=\"font-weight: 400;\" aria-level=\"1\"><b>&#8220;G\u00fcvenlik&#8221; veya &#8220;Gizlilik&#8221; b\u00f6l\u00fcm\u00fcne gidin<\/b><span style=\"font-weight: 400;\">:<\/span>\n<ul>\n<li style=\"font-weight: 400;\" aria-level=\"2\"><span style=\"font-weight: 400;\">Android s\u00fcr\u00fcm\u00fcne ba\u011fl\u0131 olarak, bu b\u00f6l\u00fcm farkl\u0131 adlarla an\u0131labilir. Cihaz g\u00fcvenli\u011finden sorumlu b\u00f6l\u00fcm\u00fc bulun.<\/span><\/li>\n<\/ul>\n<\/li>\n<li style=\"font-weight: 400;\" aria-level=\"1\"><b>Bilinmeyen kaynaklardan kurulumu izin verin<\/b><span style=\"font-weight: 400;\">:<\/span>\n<ul>\n<li style=\"font-weight: 400;\" aria-level=\"2\"><span style=\"font-weight: 400;\">&#8220;Bilinmeyen kaynaklar&#8221; se\u00e7ene\u011fini bulun ve etkinle\u015ftirin. Bu i\u015flemi onaylaman\u0131z istenebilir. Onaylamak i\u00e7in &#8220;Tamam&#8221;\u0131 dokunun.<\/span><\/li>\n<\/ul>\n<\/li>\n<\/ol>\n<ol start=\"2\">\n<li>\n<h3><b>APK Dosyas\u0131n\u0131 \u0130ndirme<\/b><\/h3>\n<\/li>\n<\/ol>\n<p><span style=\"font-weight: 400;\">Cihaz\u0131n\u0131z\u0131 haz\u0131rlad\u0131ktan sonra, APK dosyas\u0131n\u0131 resmi Pin Up Casino web sitesinden indirebilirsiniz.<\/span><\/p>\n<ol>\n<li style=\"font-weight: 400;\" aria-level=\"1\"><b>Android cihaz\u0131n\u0131zda bir taray\u0131c\u0131 a\u00e7\u0131n<\/b><span style=\"font-weight: 400;\">:<\/span>\n<ul>\n<li style=\"font-weight: 400;\" aria-level=\"2\"><span style=\"font-weight: 400;\">Standart taray\u0131c\u0131 veya Google Chrome&#8217;u kullanman\u0131z \u00f6nerilir.<\/span><\/li>\n<\/ul>\n<\/li>\n<li style=\"font-weight: 400;\" aria-level=\"1\"><b>Resmi Pin Up Casino web sitesine gidin<\/b><span style=\"font-weight: 400;\">:<\/span>\n<ul>\n<li style=\"font-weight: 400;\" aria-level=\"2\"><span style=\"font-weight: 400;\">Taray\u0131c\u0131n\u0131n adres \u00e7ubu\u011funa resmi Pin Up Casino web sitesinin URL&#8217;sini girin. Zararl\u0131 yaz\u0131l\u0131m indirmekten ka\u00e7\u0131nmak i\u00e7in resmi site oldu\u011fundan emin olun.<\/span><\/li>\n<\/ul>\n<\/li>\n<li style=\"font-weight: 400;\" aria-level=\"1\"><b>APK dosyas\u0131n\u0131 indirmek i\u00e7in ba\u011flant\u0131y\u0131 bulun<\/b><span style=\"font-weight: 400;\">:<\/span>\n<ul>\n<li style=\"font-weight: 400;\" aria-level=\"2\"><span style=\"font-weight: 400;\">Ana sayfada veya &#8220;Mobil Uygulama&#8221; b\u00f6l\u00fcm\u00fcnde, APK dosyas\u0131n\u0131 indirmek i\u00e7in d\u00fc\u011fmeyi veya ba\u011flant\u0131y\u0131 bulun. Bu genellikle &#8220;Android i\u00e7in \u0130ndir&#8221; veya &#8220;APK \u0130ndir&#8221; olarak etiketlenebilir.<\/span><\/li>\n<\/ul>\n<\/li>\n<li style=\"font-weight: 400;\" aria-level=\"1\"><b>Dosyay\u0131 indirmeye ba\u015flay\u0131n<\/b><span style=\"font-weight: 400;\">:<\/span>\n<ul>\n<li style=\"font-weight: 400;\" aria-level=\"2\"><span style=\"font-weight: 400;\">\u0130ndirme ba\u011flant\u0131s\u0131na t\u0131klay\u0131n. Dosya indirmeye ba\u015flayacak ve cihaz\u0131n\u0131z\u0131n &#8220;\u0130ndirilenler&#8221; klas\u00f6r\u00fcne kaydedilecektir.<\/span><\/li>\n<\/ul>\n<\/li>\n<\/ol>\n<ol start=\"3\">\n<li>\n<h3><b>APK Dosyas\u0131n\u0131 Y\u00fckleme<\/b><\/h3>\n<\/li>\n<\/ol>\n<p><span style=\"font-weight: 400;\">APK dosyas\u0131n\u0131 indirdikten sonra, cihaz\u0131n\u0131za y\u00fcklemeniz gerekmektedir.<\/span><\/p>\n<ol>\n<li style=\"font-weight: 400;\" aria-level=\"1\"><b>&#8220;\u0130ndirilenler&#8221; klas\u00f6r\u00fcn\u00fc a\u00e7\u0131n<\/b><span style=\"font-weight: 400;\">:<\/span>\n<ul>\n<li style=\"font-weight: 400;\" aria-level=\"2\"><span style=\"font-weight: 400;\">Bir dosya y\u00f6neticisi kullan\u0131n veya bildirim men\u00fcs\u00fc arac\u0131l\u0131\u011f\u0131yla &#8220;\u0130ndirilenler&#8221; klas\u00f6r\u00fcne gidin.<\/span><\/li>\n<\/ul>\n<\/li>\n<li style=\"font-weight: 400;\" aria-level=\"1\"><b>\u0130ndirilen APK dosyas\u0131n\u0131 bulun<\/b><span style=\"font-weight: 400;\">:<\/span>\n<ul>\n<li style=\"font-weight: 400;\" aria-level=\"2\"><span style=\"font-weight: 400;\">Dosya genellikle &#8220;PinUp.apk&#8221; veya buna benzer bir isme sahiptir. Bu dosyay\u0131 indirilenler listesinde bulun.<\/span><\/li>\n<\/ul>\n<\/li>\n<li style=\"font-weight: 400;\" aria-level=\"1\"><b>Kurulum i\u015flemini ba\u015flat\u0131n<\/b><span style=\"font-weight: 400;\">:<\/span>\n<ul>\n<li style=\"font-weight: 400;\" aria-level=\"2\"><span style=\"font-weight: 400;\">APK dosyas\u0131na dokunun. Uygulaman\u0131n kurulumunu onaylama iste\u011fi g\u00f6r\u00fcnecektir. Uygulaman\u0131n istedi\u011fi izinleri okuyun ve &#8220;Y\u00fckle&#8221;ye dokunun.<\/span><\/li>\n<\/ul>\n<\/li>\n<li style=\"font-weight: 400;\" aria-level=\"1\"><b>Kurulumun tamamlanmas\u0131n\u0131 bekleyin<\/b><span style=\"font-weight: 400;\">:<\/span>\n<ul>\n<li style=\"font-weight: 400;\" aria-level=\"2\"><span style=\"font-weight: 400;\">Kurulum i\u015flemi birka\u00e7 saniye s\u00fcrebilir. Kurulum tamamland\u0131\u011f\u0131nda, &#8220;Tamamland\u0131&#8221; ve &#8220;A\u00e7&#8221; se\u00e7eneklerini g\u00f6receksiniz.<\/span><\/li>\n<\/ul>\n<\/li>\n<\/ol>\n<ol start=\"4\">\n<li>\n<h3><b>Uygulamay\u0131 Ba\u015flatma<\/b><\/h3>\n<\/li>\n<\/ol>\n<p><span style=\"font-weight: 400;\">Uygulamay\u0131 ba\u015far\u0131yla y\u00fckledikten sonra, Pin Up Casino&#8217;yu kullanmaya ba\u015flayabilirsiniz.<\/span><\/p>\n<ol>\n<li style=\"font-weight: 400;\" aria-level=\"1\"><b>Uygulamay\u0131 ba\u015flat\u0131n<\/b><span style=\"font-weight: 400;\">:<\/span>\n<ul>\n<li style=\"font-weight: 400;\" aria-level=\"2\"><span style=\"font-weight: 400;\">Kurulumun tamamlanmas\u0131 ekran\u0131nda &#8220;A\u00e7&#8221;\u0131 dokunun veya Pin Up simgesini ana ekranda veya uygulama listesinde bulun.<\/span><\/li>\n<\/ul>\n<\/li>\n<li style=\"font-weight: 400;\" aria-level=\"1\"><b>Giri\u015f yap\u0131n veya kay\u0131t olun<\/b><span style=\"font-weight: 400;\">:<\/span>\n<ul>\n<li style=\"font-weight: 400;\" aria-level=\"2\"><span style=\"font-weight: 400;\">Zaten bir hesab\u0131n\u0131z varsa, giri\u015f bilgilerinizi girin. Yoksa, yeni bir hesap kayd\u0131 i\u00e7in talimatlar\u0131 izleyin.<\/span><\/li>\n<\/ul>\n<\/li>\n<li style=\"font-weight: 400;\" aria-level=\"1\"><b>Oynamaya ba\u015flay\u0131n<\/b><span style=\"font-weight: 400;\">:<\/span>\n<ul>\n<li style=\"font-weight: 400;\" aria-level=\"2\"><span style=\"font-weight: 400;\">Hesab\u0131n\u0131za giri\u015f yapt\u0131ktan sonra, Pin Up Casino&#8217;nun t\u00fcm oyunlar\u0131na ve \u00f6zelliklerine eri\u015fiminiz olacakt\u0131r.<\/span><\/li>\n<\/ul>\n<\/li>\n<\/ol>\n<p><span style=\"font-weight: 400;\">Pin Up Casino APK dosyas\u0131n\u0131 indirip kurmak, Android cihaz\u0131n\u0131zda kumar oynaman\u0131z\u0131 sa\u011flayan basit bir i\u015flemdir. Yukar\u0131daki talimatlar\u0131 izleyerek, uygulamay\u0131 kolayca kurabilir ve t\u00fcm \u00f6zelliklerine eri\u015febilirsiniz. \u0130yi e\u011flenceler ve bol \u015fans!<\/span><\/p>\n","protected":false},"excerpt":{"rendered":"<p>APK Dosyas\u0131 Nedir? APK (Android Paket Kiti), Android i\u015fletim sistemine sahip cihazlara uygulamalar\u0131n da\u011f\u0131t\u0131m\u0131 ve kurulumu i\u00e7in kullan\u0131lan bir dosya bi\u00e7imidir. Bir APK dosyas\u0131, uygulaman\u0131n kurulumu i\u00e7in gerekli t\u00fcm bile\u015fenleri i\u00e7erir: derlenmi\u015f&#8230;<\/p>\n","protected":false},"author":1,"featured_media":0,"parent":0,"menu_order":0,"comment_status":"closed","ping_status":"closed","template":"","meta":{"footnotes":""},"class_list":["post-11","page","type-page","status-publish","hentry"],"yoast_head":"<!-- This site is optimized with the Yoast SEO plugin v27.2 - https:\/\/yoast.com\/product\/yoast-seo-wordpress\/ -->\n<title>\u0421\u043a\u0430\u0447\u0430\u0442\u044c APK \u0444\u0430\u0439\u043b \u043e\u043d\u043b\u0430\u0439\u043d \u043a\u0430\u0437\u0438\u043d\u043e \u041f\u0438\u043d \u0410\u043f<\/title>\n<meta name=\"description\" content=\"Pin Up online casinonun APK dosyas\u0131n\u0131 indirmek i\u00e7in g\u00fcvenilir bir kaynak bulun. Pin Up APK uygulamas\u0131n\u0131 indirin.\" \/>\n<meta name=\"robots\" content=\"index, follow, max-snippet:-1, max-image-preview:large, max-video-preview:-1\" \/>\n<link rel=\"canonical\" href=\"https:\/\/pinupcasinoapk.com\/tr\/what-is-an-apk-file-and-how-to-download-the-apk-file-for-pin-up-casino\/\" \/>\n<meta property=\"og:locale\" content=\"tr_TR\" \/>\n<meta property=\"og:locale:alternate\" content=\"ru_RU\" \/>\n<meta property=\"og:locale:alternate\" content=\"en_US\" \/>\n<meta property=\"og:locale:alternate\" content=\"pt_PT\" \/>\n<meta property=\"og:locale:alternate\" content=\"es_ES\" \/>\n<meta property=\"og:locale:alternate\" content=\"fr_FR\" \/>\n<meta property=\"og:locale:alternate\" content=\"de_DE\" \/>\n<meta property=\"og:locale:alternate\" content=\"it_IT\" \/>\n<meta property=\"og:locale:alternate\" content=\"sr_RS\" \/>\n<meta property=\"og:locale:alternate\" content=\"bg_BG\" \/>\n<meta property=\"og:type\" content=\"article\" \/>\n<meta property=\"og:title\" content=\"\u0421\u043a\u0430\u0447\u0430\u0442\u044c APK \u0444\u0430\u0439\u043b \u043e\u043d\u043b\u0430\u0439\u043d \u043a\u0430\u0437\u0438\u043d\u043e \u041f\u0438\u043d \u0410\u043f\" \/>\n<meta property=\"og:description\" content=\"\u041d\u0430\u0439\u0442\u0438 \u043f\u0440\u043e\u0432\u0435\u0440\u0435\u043d\u043d\u044b\u0439 \u0438\u0441\u0442\u043e\u0447\u043d\u0438\u043a \u0434\u043b\u044f \u0441\u043a\u0430\u0447\u0438\u0432\u0430\u043d\u0438\u044f \u0410\u041f\u041a \u0444\u0430\u0439\u043b\u0430 \u043e\u043d\u043b\u0430\u0439\u043d \u043a\u0430\u0437\u0438\u043d\u043e \u041f\u0438\u043d \u0410\u043f. \u0421\u043a\u0430\u0447\u0430\u0442\u044c apk \u043f\u0440\u0438\u043b\u043e\u0436\u0435\u043d\u0438\u0435 \u041f\u0438\u043d \u0410\u043f\" \/>\n<meta property=\"og:url\" content=\"https:\/\/pinupcasinoapk.com\/tr\/what-is-an-apk-file-and-how-to-download-the-apk-file-for-pin-up-casino\/\" \/>\n<meta property=\"og:site_name\" content=\"PinUp Casino\" \/>\n<meta property=\"article:modified_time\" content=\"2024-05-29T21:51:36+00:00\" \/>\n<meta name=\"twitter:card\" content=\"summary_large_image\" \/>\n<meta name=\"twitter:label1\" content=\"Tahmini okuma s\u00fcresi\" \/>\n\t<meta name=\"twitter:data1\" content=\"26 dakika\" \/>\n<script type=\"application\/ld+json\" class=\"yoast-schema-graph\">{\"@context\":\"https:\/\/schema.org\",\"@graph\":[{\"@type\":\"WebPage\",\"@id\":\"https:\/\/pinupcasinoapk.com\/what-is-an-apk-file-and-how-to-download-the-apk-file-for-pin-up-casino\/\",\"url\":\"https:\/\/pinupcasinoapk.com\/what-is-an-apk-file-and-how-to-download-the-apk-file-for-pin-up-casino\/\",\"name\":\"\u0421\u043a\u0430\u0447\u0430\u0442\u044c APK \u0444\u0430\u0439\u043b \u043e\u043d\u043b\u0430\u0439\u043d \u043a\u0430\u0437\u0438\u043d\u043e \u041f\u0438\u043d \u0410\u043f\",\"isPartOf\":{\"@id\":\"https:\/\/pinupcasinoapk.com\/#website\"},\"datePublished\":\"2024-05-28T13:49:20+00:00\",\"dateModified\":\"2024-05-29T21:51:36+00:00\",\"description\":\"\u041d\u0430\u0439\u0442\u0438 \u043f\u0440\u043e\u0432\u0435\u0440\u0435\u043d\u043d\u044b\u0439 \u0438\u0441\u0442\u043e\u0447\u043d\u0438\u043a \u0434\u043b\u044f \u0441\u043a\u0430\u0447\u0438\u0432\u0430\u043d\u0438\u044f \u0410\u041f\u041a \u0444\u0430\u0439\u043b\u0430 \u043e\u043d\u043b\u0430\u0439\u043d \u043a\u0430\u0437\u0438\u043d\u043e \u041f\u0438\u043d \u0410\u043f. \u0421\u043a\u0430\u0447\u0430\u0442\u044c apk \u043f\u0440\u0438\u043b\u043e\u0436\u0435\u043d\u0438\u0435 \u041f\u0438\u043d \u0410\u043f\",\"breadcrumb\":{\"@id\":\"https:\/\/pinupcasinoapk.com\/what-is-an-apk-file-and-how-to-download-the-apk-file-for-pin-up-casino\/#breadcrumb\"},\"inLanguage\":\"tr-TR\",\"potentialAction\":[{\"@type\":\"ReadAction\",\"target\":[\"https:\/\/pinupcasinoapk.com\/what-is-an-apk-file-and-how-to-download-the-apk-file-for-pin-up-casino\/\"]}]},{\"@type\":\"BreadcrumbList\",\"@id\":\"https:\/\/pinupcasinoapk.com\/what-is-an-apk-file-and-how-to-download-the-apk-file-for-pin-up-casino\/#breadcrumb\",\"itemListElement\":[{\"@type\":\"ListItem\",\"position\":1,\"name\":\"\u0413\u043b\u0430\u0432\u043d\u0430\u044f \u0441\u0442\u0440\u0430\u043d\u0438\u0446\u0430\",\"item\":\"https:\/\/pinupcasinoapk.com\/\"},{\"@type\":\"ListItem\",\"position\":2,\"name\":\"\u0427\u0442\u043e \u0442\u0430\u043a\u043e\u0435 APK \u0444\u0430\u0439\u043b \u0438 \u043a\u0430\u043a \u0441\u043a\u0430\u0447\u0430\u0442\u044c APK \u0444\u0430\u0439\u043b \u0434\u043b\u044f \u043a\u0430\u0437\u0438\u043d\u043e \u041f\u0438\u043d \u0410\u043f\"}]},{\"@type\":\"WebSite\",\"@id\":\"https:\/\/pinupcasinoapk.com\/#website\",\"url\":\"https:\/\/pinupcasinoapk.com\/\",\"name\":\"PinUp Casino\",\"description\":\"\",\"potentialAction\":[{\"@type\":\"SearchAction\",\"target\":{\"@type\":\"EntryPoint\",\"urlTemplate\":\"https:\/\/pinupcasinoapk.com\/?s={search_term_string}\"},\"query-input\":{\"@type\":\"PropertyValueSpecification\",\"valueRequired\":true,\"valueName\":\"search_term_string\"}}],\"inLanguage\":\"tr-TR\"}]}<\/script>\n<!-- \/ Yoast SEO plugin. -->","yoast_head_json":{"title":"\u0421\u043a\u0430\u0447\u0430\u0442\u044c APK \u0444\u0430\u0439\u043b \u043e\u043d\u043b\u0430\u0439\u043d \u043a\u0430\u0437\u0438\u043d\u043e \u041f\u0438\u043d \u0410\u043f","description":"Pin Up online casinonun APK dosyas\u0131n\u0131 indirmek i\u00e7in g\u00fcvenilir bir kaynak bulun. Pin Up APK uygulamas\u0131n\u0131 indirin.","robots":{"index":"index","follow":"follow","max-snippet":"max-snippet:-1","max-image-preview":"max-image-preview:large","max-video-preview":"max-video-preview:-1"},"canonical":"https:\/\/pinupcasinoapk.com\/tr\/what-is-an-apk-file-and-how-to-download-the-apk-file-for-pin-up-casino\/","og_locale":"tr_TR","og_type":"article","og_title":"\u0421\u043a\u0430\u0447\u0430\u0442\u044c APK \u0444\u0430\u0439\u043b \u043e\u043d\u043b\u0430\u0439\u043d \u043a\u0430\u0437\u0438\u043d\u043e \u041f\u0438\u043d \u0410\u043f","og_description":"\u041d\u0430\u0439\u0442\u0438 \u043f\u0440\u043e\u0432\u0435\u0440\u0435\u043d\u043d\u044b\u0439 \u0438\u0441\u0442\u043e\u0447\u043d\u0438\u043a \u0434\u043b\u044f \u0441\u043a\u0430\u0447\u0438\u0432\u0430\u043d\u0438\u044f \u0410\u041f\u041a \u0444\u0430\u0439\u043b\u0430 \u043e\u043d\u043b\u0430\u0439\u043d \u043a\u0430\u0437\u0438\u043d\u043e \u041f\u0438\u043d \u0410\u043f. \u0421\u043a\u0430\u0447\u0430\u0442\u044c apk \u043f\u0440\u0438\u043b\u043e\u0436\u0435\u043d\u0438\u0435 \u041f\u0438\u043d \u0410\u043f","og_url":"https:\/\/pinupcasinoapk.com\/tr\/what-is-an-apk-file-and-how-to-download-the-apk-file-for-pin-up-casino\/","og_site_name":"PinUp Casino","article_modified_time":"2024-05-29T21:51:36+00:00","twitter_card":"summary_large_image","twitter_misc":{"Tahmini okuma s\u00fcresi":"26 dakika"},"schema":{"@context":"https:\/\/schema.org","@graph":[{"@type":"WebPage","@id":"https:\/\/pinupcasinoapk.com\/what-is-an-apk-file-and-how-to-download-the-apk-file-for-pin-up-casino\/","url":"https:\/\/pinupcasinoapk.com\/what-is-an-apk-file-and-how-to-download-the-apk-file-for-pin-up-casino\/","name":"\u0421\u043a\u0430\u0447\u0430\u0442\u044c APK \u0444\u0430\u0439\u043b \u043e\u043d\u043b\u0430\u0439\u043d \u043a\u0430\u0437\u0438\u043d\u043e \u041f\u0438\u043d \u0410\u043f","isPartOf":{"@id":"https:\/\/pinupcasinoapk.com\/#website"},"datePublished":"2024-05-28T13:49:20+00:00","dateModified":"2024-05-29T21:51:36+00:00","description":"\u041d\u0430\u0439\u0442\u0438 \u043f\u0440\u043e\u0432\u0435\u0440\u0435\u043d\u043d\u044b\u0439 \u0438\u0441\u0442\u043e\u0447\u043d\u0438\u043a \u0434\u043b\u044f \u0441\u043a\u0430\u0447\u0438\u0432\u0430\u043d\u0438\u044f \u0410\u041f\u041a \u0444\u0430\u0439\u043b\u0430 \u043e\u043d\u043b\u0430\u0439\u043d \u043a\u0430\u0437\u0438\u043d\u043e \u041f\u0438\u043d \u0410\u043f. \u0421\u043a\u0430\u0447\u0430\u0442\u044c apk \u043f\u0440\u0438\u043b\u043e\u0436\u0435\u043d\u0438\u0435 \u041f\u0438\u043d \u0410\u043f","breadcrumb":{"@id":"https:\/\/pinupcasinoapk.com\/what-is-an-apk-file-and-how-to-download-the-apk-file-for-pin-up-casino\/#breadcrumb"},"inLanguage":"tr-TR","potentialAction":[{"@type":"ReadAction","target":["https:\/\/pinupcasinoapk.com\/what-is-an-apk-file-and-how-to-download-the-apk-file-for-pin-up-casino\/"]}]},{"@type":"BreadcrumbList","@id":"https:\/\/pinupcasinoapk.com\/what-is-an-apk-file-and-how-to-download-the-apk-file-for-pin-up-casino\/#breadcrumb","itemListElement":[{"@type":"ListItem","position":1,"name":"\u0413\u043b\u0430\u0432\u043d\u0430\u044f \u0441\u0442\u0440\u0430\u043d\u0438\u0446\u0430","item":"https:\/\/pinupcasinoapk.com\/"},{"@type":"ListItem","position":2,"name":"\u0427\u0442\u043e \u0442\u0430\u043a\u043e\u0435 APK \u0444\u0430\u0439\u043b \u0438 \u043a\u0430\u043a \u0441\u043a\u0430\u0447\u0430\u0442\u044c APK \u0444\u0430\u0439\u043b \u0434\u043b\u044f \u043a\u0430\u0437\u0438\u043d\u043e \u041f\u0438\u043d \u0410\u043f"}]},{"@type":"WebSite","@id":"https:\/\/pinupcasinoapk.com\/#website","url":"https:\/\/pinupcasinoapk.com\/","name":"PinUp Casino","description":"","potentialAction":[{"@type":"SearchAction","target":{"@type":"EntryPoint","urlTemplate":"https:\/\/pinupcasinoapk.com\/?s={search_term_string}"},"query-input":{"@type":"PropertyValueSpecification","valueRequired":true,"valueName":"search_term_string"}}],"inLanguage":"tr-TR"}]}},"_links":{"self":[{"href":"https:\/\/pinupcasinoapk.com\/tr\/wp-json\/wp\/v2\/pages\/11","targetHints":{"allow":["GET"]}}],"collection":[{"href":"https:\/\/pinupcasinoapk.com\/tr\/wp-json\/wp\/v2\/pages"}],"about":[{"href":"https:\/\/pinupcasinoapk.com\/tr\/wp-json\/wp\/v2\/types\/page"}],"author":[{"embeddable":true,"href":"https:\/\/pinupcasinoapk.com\/tr\/wp-json\/wp\/v2\/users\/1"}],"replies":[{"embeddable":true,"href":"https:\/\/pinupcasinoapk.com\/tr\/wp-json\/wp\/v2\/comments?post=11"}],"version-history":[{"count":26,"href":"https:\/\/pinupcasinoapk.com\/tr\/wp-json\/wp\/v2\/pages\/11\/revisions"}],"predecessor-version":[{"id":75,"href":"https:\/\/pinupcasinoapk.com\/tr\/wp-json\/wp\/v2\/pages\/11\/revisions\/75"}],"wp:attachment":[{"href":"https:\/\/pinupcasinoapk.com\/tr\/wp-json\/wp\/v2\/media?parent=11"}],"curies":[{"name":"wp","href":"https:\/\/api.w.org\/{rel}","templated":true}]}}