{"id":9,"date":"2024-05-28T16:46:52","date_gmt":"2024-05-28T13:46:52","guid":{"rendered":"https:\/\/pinupcasinoapk.com\/?page_id=9"},"modified":"2024-05-30T01:03:36","modified_gmt":"2024-05-29T22:03:36","slug":"what-is-pin-up-casino","status":"publish","type":"page","link":"https:\/\/pinupcasinoapk.com\/tr\/","title":{"rendered":"Pin Up Casino Nedir?"},"content":{"rendered":"<p><span style=\"font-weight: 400;\">Pin Up Casino, t\u00fcm seviyelerden oyuncular i\u00e7in geni\u015f bir e\u011flence yelpazesi sunan modern ve \u015f\u0131k bir \u00e7evrimi\u00e7i oyun platformudur. Kurulu\u015fundan bu yana, Pin Up y\u00fcksek hizmet seviyesi, \u00e7e\u015fitli oyunlar ve c\u00f6mert bonuslar sayesinde kumar merakl\u0131lar\u0131 aras\u0131nda g\u00fcven ve pop\u00fclerlik kazanm\u0131\u015ft\u0131r. Burada heyecan verici slotlar, klasik masa oyunlar\u0131, canl\u0131 casinolar ve bir\u00e7ok ba\u015fka ilgi \u00e7ekici se\u00e7enek bulacaks\u0131n\u0131z.<\/span><\/p>\n<h2><b>Pin Up\u2019\u0131n Avantajlar\u0131<\/b><\/h2>\n<ol>\n<li style=\"font-weight: 400;\" aria-level=\"1\"><b>Geni\u015f oyun yelpazesi<\/b><span style=\"font-weight: 400;\">: Pin Up, NetEnt, Microgaming, Playtech ve di\u011ferleri gibi \u00f6nde gelen k\u00fcresel sa\u011flay\u0131c\u0131lardan 2000&#8217;den fazla oyun sunar. Slotlar\u0131n, ruletin, pokerin, blackjackin ve bir\u00e7ok ba\u015fka oyunun tad\u0131n\u0131 \u00e7\u0131karabilirsiniz.<\/span><\/li>\n<li style=\"font-weight: 400;\" aria-level=\"1\"><b>C\u00f6mert bonuslar ve promosyonlar<\/b><span style=\"font-weight: 400;\">: Yeni oyuncular, ho\u015f geldin bonuslar\u0131, \u00fccretsiz d\u00f6nd\u00fcrmeler ve \u00e7e\u015fitli promosyonlar bekleyebilirler. D\u00fczenli oyuncular ayr\u0131ca cashback, turnuva bonuslar\u0131 ve \u00f6zel teklifler dahil bir\u00e7ok ayr\u0131cal\u0131k elde ederler.<\/span><\/li>\n<li style=\"font-weight: 400;\" aria-level=\"1\"><b>Kolayl\u0131k ve g\u00fcvenlik<\/b><span style=\"font-weight: 400;\">: Platform, g\u00fcvenli \u00f6deme y\u00f6ntemleri sunar, ki\u015fisel veri korumas\u0131n\u0131 garanti eder ve adil oyunu sa\u011flamak i\u00e7in ileri teknolojiler kullan\u0131r.<\/span><\/li>\n<li style=\"font-weight: 400;\" aria-level=\"1\"><b>Mobil versiyon<\/b><span style=\"font-weight: 400;\">: Pin Up Casino, sadece bilgisayarlarda de\u011fil, ayn\u0131 zamanda mobil cihazlarda da mevcuttur. Favori oyunlar\u0131n\u0131z\u0131 her zaman ve her yerde oynayabilirsiniz.<\/span><\/li>\n<li style=\"font-weight: 400;\" aria-level=\"1\"><b>7\/24 destek<\/b><span style=\"font-weight: 400;\">: Dost canl\u0131s\u0131 ve profesyonel destek ekibi, casino ile ilgili herhangi bir sorunuzda size yard\u0131mc\u0131 olmaya her zaman haz\u0131rd\u0131r.<\/span><\/li>\n<\/ol>\n<h2><b>Pin Up Casino\u2019nun Dezavantajlar\u0131<\/b><\/h2>\n<ol>\n<li style=\"font-weight: 400;\" aria-level=\"1\"><b>\u00dclke k\u0131s\u0131tlamalar\u0131<\/b><span style=\"font-weight: 400;\">: Baz\u0131 \u00fclkeler Pin Up Casino&#8217;ya eri\u015fim konusunda k\u0131s\u0131tlamalara sahiptir, bu da oyuncu say\u0131s\u0131n\u0131 s\u0131n\u0131rlayabilir.<\/span><\/li>\n<li style=\"font-weight: 400;\" aria-level=\"1\"><b>Bahis gereksinimleri<\/b><span style=\"font-weight: 400;\">: \u00c7o\u011fu casinoda oldu\u011fu gibi, Pin Up&#8217;taki bonuslar da bahis gereksinimleri ile birlikte gelir, bu da oyuncular i\u00e7in her zaman uygun olmayabilir.<\/span><\/li>\n<li style=\"font-weight: 400;\" aria-level=\"1\"><b>Baz\u0131 b\u00f6lgeler i\u00e7in s\u0131n\u0131rl\u0131 oyun se\u00e7ene\u011fi<\/b><span style=\"font-weight: 400;\">: Lisans anla\u015fmalar\u0131 nedeniyle baz\u0131 oyunlar belirli b\u00f6lgelerde mevcut olmayabilir.<\/span><\/li>\n<\/ol>\n<h2><b>Pin Up Casino\u2019da Kay\u0131t ve Para Yat\u0131rma Y\u00f6ntemleri<\/b><\/h2>\n<p><span style=\"font-weight: 400;\">Pin Up Casino&#8217;da kay\u0131t olmak basit ve h\u0131zl\u0131 bir i\u015flemdir. Bu ad\u0131mlar\u0131 izleyin:<\/span><\/p>\n<ol>\n<li style=\"font-weight: 400;\" aria-level=\"1\"><b>Kay\u0131t formunu doldurmak<\/b><span style=\"font-weight: 400;\">: Resmi Pin Up Casino web sitesine gidin ve &#8220;Kay\u0131t Ol&#8221; butonuna t\u0131klay\u0131n. Ad, e-posta adresi ve telefon numaras\u0131 gibi ki\u015fisel bilgilerinizi girin.<\/span><\/li>\n<li style=\"font-weight: 400;\" aria-level=\"1\"><b>Hesap do\u011frulama<\/b><span style=\"font-weight: 400;\">: Kay\u0131t i\u015fleminden sonra, hesab\u0131n\u0131z\u0131 e-posta veya SMS yoluyla do\u011frulaman\u0131z gerekecektir.<\/span><\/li>\n<li style=\"font-weight: 400;\" aria-level=\"1\"><b>Para yat\u0131rma<\/b><span style=\"font-weight: 400;\">: Hesab\u0131n\u0131za giri\u015f yapt\u0131ktan sonra, &#8220;Kasa&#8221; b\u00f6l\u00fcm\u00fcne gidin ve size uygun bir \u00f6deme y\u00f6ntemini se\u00e7in. Pin Up Casino, banka kartlar\u0131, e-c\u00fczdanlar ve kripto paralar dahil olmak \u00fczere bir\u00e7ok para yat\u0131rma y\u00f6ntemini destekler.<\/span><\/li>\n<\/ol>\n<h2><b>Pin Up Casino i\u00e7in APK Dosyas\u0131<\/b><\/h2>\n<p><span style=\"font-weight: 400;\">Kullan\u0131c\u0131lar\u0131n rahatl\u0131\u011f\u0131 i\u00e7in Pin Up Casino, mobil cihaza indirilebilen ve kurulabilen \u00f6zel bir uygulama (APK dosyas\u0131) sunar. Uygulama, t\u00fcm casino \u00f6zelliklerine ve oyunlar\u0131na eri\u015fim sa\u011flar, hareket halindeyken sorunsuz bir oyun deneyimi sunar. Uygulamay\u0131 indirmek ve kurmak i\u00e7in bu ad\u0131mlar\u0131 izleyin:<\/span><\/p>\n<ol>\n<li style=\"font-weight: 400;\" aria-level=\"1\"><b>APK dosyas\u0131n\u0131 indirmek<\/b><span style=\"font-weight: 400;\">: Mobil cihaz\u0131n\u0131zdan resmi Pin Up Casino web sitesine gidin ve APK dosyas\u0131n\u0131 indirme ba\u011flant\u0131s\u0131n\u0131 bulun.<\/span><\/li>\n<li style=\"font-weight: 400;\" aria-level=\"1\"><b>Uygulamay\u0131 kurmak<\/b><span style=\"font-weight: 400;\">: Dosyay\u0131 indirdikten sonra, a\u00e7\u0131n ve kurulum talimatlar\u0131n\u0131 izleyin. Cihaz ayarlar\u0131n\u0131zdaki bilinmeyen kaynaklardan uygulama y\u00fcklemeye izin vermeniz gerekebilir.<\/span><\/li>\n<li style=\"font-weight: 400;\" aria-level=\"1\"><b>Uygulamay\u0131 ba\u015flatmak<\/b><span style=\"font-weight: 400;\">: Kurulumdan sonra uygulamay\u0131 a\u00e7\u0131n, hesab\u0131n\u0131za giri\u015f yap\u0131n veya hen\u00fcz yapmad\u0131ysan\u0131z kay\u0131t olun ve oyunlar\u0131n tad\u0131n\u0131 her zaman ve her yerde \u00e7\u0131kar\u0131n.<\/span><\/li>\n<\/ol>\n<p><span style=\"font-weight: 400;\">Pin Up Casino, kaliteli ve g\u00fcvenilir \u00e7evrimi\u00e7i kumar e\u011flencesi arayan herkes i\u00e7in m\u00fckemmel bir se\u00e7imdir. Geni\u015f oyun yelpazesi, cazip bonuslar\u0131 ve kullan\u0131\u015fl\u0131 mobil uygulamas\u0131 ile Pin Up, unutulmaz bir oyun deneyimi sunar. Pin Up\u2019a kat\u0131l\u0131n ve \u015fans\u0131n\u0131z\u0131 bug\u00fcn deneyin!<\/span><\/p>\n","protected":false},"excerpt":{"rendered":"<p>Pin Up Casino, t\u00fcm seviyelerden oyuncular i\u00e7in geni\u015f bir e\u011flence yelpazesi sunan modern ve \u015f\u0131k bir \u00e7evrimi\u00e7i oyun platformudur. Kurulu\u015fundan bu yana, Pin Up y\u00fcksek hizmet seviyesi, \u00e7e\u015fitli oyunlar ve c\u00f6mert bonuslar&#8230;<\/p>\n","protected":false},"author":1,"featured_media":0,"parent":0,"menu_order":0,"comment_status":"closed","ping_status":"closed","template":"","meta":{"footnotes":""},"class_list":["post-9","page","type-page","status-publish","hentry"],"yoast_head":"<!-- This site is optimized with the Yoast SEO plugin v27.2 - https:\/\/yoast.com\/product\/yoast-seo-wordpress\/ -->\n<title>Pin Up Online Casino<\/title>\n<meta name=\"description\" content=\"Yeni oyuncular i\u00e7in ger\u00e7ek para kazan\u0131n ve oynay\u0131n. Kay\u0131t olun, para yat\u0131r\u0131n, kazan\u00e7lar\u0131n\u0131z\u0131 \u00e7ekin. Slotlar, \u00e7\u00f6k\u00fc\u015f oyunlar\u0131, rulet.\" \/>\n<meta name=\"robots\" content=\"index, follow, max-snippet:-1, max-image-preview:large, max-video-preview:-1\" \/>\n<link rel=\"canonical\" href=\"https:\/\/pinupcasinoapk.com\/tr\/\" \/>\n<meta property=\"og:locale\" content=\"tr_TR\" \/>\n<meta property=\"og:locale:alternate\" content=\"ru_RU\" \/>\n<meta property=\"og:locale:alternate\" content=\"en_US\" \/>\n<meta property=\"og:locale:alternate\" content=\"pt_PT\" \/>\n<meta property=\"og:locale:alternate\" content=\"es_ES\" \/>\n<meta property=\"og:locale:alternate\" content=\"fr_FR\" \/>\n<meta property=\"og:locale:alternate\" content=\"de_DE\" \/>\n<meta property=\"og:locale:alternate\" content=\"it_IT\" \/>\n<meta property=\"og:locale:alternate\" content=\"sr_RS\" \/>\n<meta property=\"og:locale:alternate\" content=\"bg_BG\" \/>\n<meta property=\"og:type\" content=\"article\" \/>\n<meta property=\"og:title\" content=\"Pin Up Online Casino\" \/>\n<meta property=\"og:description\" content=\"Yeni oyuncular i\u00e7in ger\u00e7ek para kazan\u0131n ve oynay\u0131n. Kay\u0131t olun, para yat\u0131r\u0131n, kazan\u00e7lar\u0131n\u0131z\u0131 \u00e7ekin. Slotlar, \u00e7\u00f6k\u00fc\u015f oyunlar\u0131, rulet.\" \/>\n<meta property=\"og:url\" content=\"https:\/\/pinupcasinoapk.com\/tr\/\" \/>\n<meta property=\"og:site_name\" content=\"PinUp Casino\" \/>\n<meta property=\"article:modified_time\" content=\"2024-05-29T22:03:36+00:00\" \/>\n<meta name=\"twitter:card\" content=\"summary_large_image\" \/>\n<meta name=\"twitter:label1\" content=\"Tahmini okuma s\u00fcresi\" \/>\n\t<meta name=\"twitter:data1\" content=\"22 dakika\" \/>\n<script type=\"application\/ld+json\" class=\"yoast-schema-graph\">{\"@context\":\"https:\/\/schema.org\",\"@graph\":[{\"@type\":\"WebPage\",\"@id\":\"https:\/\/pinupcasinoapk.com\/\",\"url\":\"https:\/\/pinupcasinoapk.com\/\",\"name\":\"Pin Up Online Casino\",\"isPartOf\":{\"@id\":\"https:\/\/pinupcasinoapk.com\/#website\"},\"datePublished\":\"2024-05-28T13:46:52+00:00\",\"dateModified\":\"2024-05-29T22:03:36+00:00\",\"description\":\"Yeni oyuncular i\u00e7in ger\u00e7ek para kazan\u0131n ve oynay\u0131n. Kay\u0131t olun, para yat\u0131r\u0131n, kazan\u00e7lar\u0131n\u0131z\u0131 \u00e7ekin. Slotlar, \u00e7\u00f6k\u00fc\u015f oyunlar\u0131, rulet.\",\"breadcrumb\":{\"@id\":\"https:\/\/pinupcasinoapk.com\/#breadcrumb\"},\"inLanguage\":\"tr-TR\",\"potentialAction\":[{\"@type\":\"ReadAction\",\"target\":[\"https:\/\/pinupcasinoapk.com\/\"]}]},{\"@type\":\"BreadcrumbList\",\"@id\":\"https:\/\/pinupcasinoapk.com\/#breadcrumb\",\"itemListElement\":[{\"@type\":\"ListItem\",\"position\":1,\"name\":\"\u0413\u043b\u0430\u0432\u043d\u0430\u044f \u0441\u0442\u0440\u0430\u043d\u0438\u0446\u0430\",\"item\":\"https:\/\/pinupcasinoapk.com\/\"},{\"@type\":\"ListItem\",\"position\":2,\"name\":\"Pin Up Casino Nedir?\"}]},{\"@type\":\"WebSite\",\"@id\":\"https:\/\/pinupcasinoapk.com\/#website\",\"url\":\"https:\/\/pinupcasinoapk.com\/\",\"name\":\"PinUp Casino\",\"description\":\"\",\"potentialAction\":[{\"@type\":\"SearchAction\",\"target\":{\"@type\":\"EntryPoint\",\"urlTemplate\":\"https:\/\/pinupcasinoapk.com\/?s={search_term_string}\"},\"query-input\":{\"@type\":\"PropertyValueSpecification\",\"valueRequired\":true,\"valueName\":\"search_term_string\"}}],\"inLanguage\":\"tr-TR\"}]}<\/script>\n<!-- \/ Yoast SEO plugin. -->","yoast_head_json":{"title":"Pin Up Online Casino","description":"Yeni oyuncular i\u00e7in ger\u00e7ek para kazan\u0131n ve oynay\u0131n. Kay\u0131t olun, para yat\u0131r\u0131n, kazan\u00e7lar\u0131n\u0131z\u0131 \u00e7ekin. Slotlar, \u00e7\u00f6k\u00fc\u015f oyunlar\u0131, rulet.","robots":{"index":"index","follow":"follow","max-snippet":"max-snippet:-1","max-image-preview":"max-image-preview:large","max-video-preview":"max-video-preview:-1"},"canonical":"https:\/\/pinupcasinoapk.com\/tr\/","og_locale":"tr_TR","og_type":"article","og_title":"Pin Up Online Casino","og_description":"Yeni oyuncular i\u00e7in ger\u00e7ek para kazan\u0131n ve oynay\u0131n. Kay\u0131t olun, para yat\u0131r\u0131n, kazan\u00e7lar\u0131n\u0131z\u0131 \u00e7ekin. Slotlar, \u00e7\u00f6k\u00fc\u015f oyunlar\u0131, rulet.","og_url":"https:\/\/pinupcasinoapk.com\/tr\/","og_site_name":"PinUp Casino","article_modified_time":"2024-05-29T22:03:36+00:00","twitter_card":"summary_large_image","twitter_misc":{"Tahmini okuma s\u00fcresi":"22 dakika"},"schema":{"@context":"https:\/\/schema.org","@graph":[{"@type":"WebPage","@id":"https:\/\/pinupcasinoapk.com\/","url":"https:\/\/pinupcasinoapk.com\/","name":"Pin Up Online Casino","isPartOf":{"@id":"https:\/\/pinupcasinoapk.com\/#website"},"datePublished":"2024-05-28T13:46:52+00:00","dateModified":"2024-05-29T22:03:36+00:00","description":"Yeni oyuncular i\u00e7in ger\u00e7ek para kazan\u0131n ve oynay\u0131n. Kay\u0131t olun, para yat\u0131r\u0131n, kazan\u00e7lar\u0131n\u0131z\u0131 \u00e7ekin. Slotlar, \u00e7\u00f6k\u00fc\u015f oyunlar\u0131, rulet.","breadcrumb":{"@id":"https:\/\/pinupcasinoapk.com\/#breadcrumb"},"inLanguage":"tr-TR","potentialAction":[{"@type":"ReadAction","target":["https:\/\/pinupcasinoapk.com\/"]}]},{"@type":"BreadcrumbList","@id":"https:\/\/pinupcasinoapk.com\/#breadcrumb","itemListElement":[{"@type":"ListItem","position":1,"name":"\u0413\u043b\u0430\u0432\u043d\u0430\u044f \u0441\u0442\u0440\u0430\u043d\u0438\u0446\u0430","item":"https:\/\/pinupcasinoapk.com\/"},{"@type":"ListItem","position":2,"name":"Pin Up Casino Nedir?"}]},{"@type":"WebSite","@id":"https:\/\/pinupcasinoapk.com\/#website","url":"https:\/\/pinupcasinoapk.com\/","name":"PinUp Casino","description":"","potentialAction":[{"@type":"SearchAction","target":{"@type":"EntryPoint","urlTemplate":"https:\/\/pinupcasinoapk.com\/?s={search_term_string}"},"query-input":{"@type":"PropertyValueSpecification","valueRequired":true,"valueName":"search_term_string"}}],"inLanguage":"tr-TR"}]}},"_links":{"self":[{"href":"https:\/\/pinupcasinoapk.com\/tr\/wp-json\/wp\/v2\/pages\/9","targetHints":{"allow":["GET"]}}],"collection":[{"href":"https:\/\/pinupcasinoapk.com\/tr\/wp-json\/wp\/v2\/pages"}],"about":[{"href":"https:\/\/pinupcasinoapk.com\/tr\/wp-json\/wp\/v2\/types\/page"}],"author":[{"embeddable":true,"href":"https:\/\/pinupcasinoapk.com\/tr\/wp-json\/wp\/v2\/users\/1"}],"replies":[{"embeddable":true,"href":"https:\/\/pinupcasinoapk.com\/tr\/wp-json\/wp\/v2\/comments?post=9"}],"version-history":[{"count":20,"href":"https:\/\/pinupcasinoapk.com\/tr\/wp-json\/wp\/v2\/pages\/9\/revisions"}],"predecessor-version":[{"id":76,"href":"https:\/\/pinupcasinoapk.com\/tr\/wp-json\/wp\/v2\/pages\/9\/revisions\/76"}],"wp:attachment":[{"href":"https:\/\/pinupcasinoapk.com\/tr\/wp-json\/wp\/v2\/media?parent=9"}],"curies":[{"name":"wp","href":"https:\/\/api.w.org\/{rel}","templated":true}]}}